{"id":22,"date":"2012-09-18T20:10:27","date_gmt":"2012-09-18T18:10:27","guid":{"rendered":"http:\/\/ladepartner.de\/?page_id=22"},"modified":"2024-12-04T02:32:02","modified_gmt":"2024-12-04T00:32:02","slug":"impressum","status":"publish","type":"page","link":"https:\/\/ladepartner.de\/?page_id=22","title":{"rendered":""},"content":{"rendered":"<table width=\"100%\" border=\"0\" cellspacing=\"5\" cellpadding=\"0\">\n<tbody>\n<tr>\n<td><img loading=\"lazy\" decoding=\"async\" class=\"alignnone size-full wp-image-16\" title=\"schoch-ladepartner-logo\" src=\"http:\/\/ladepartner.de\/wp-content\/uploads\/2012\/09\/schoch-ladepartner-logo.jpg\" alt=\"\" width=\"170\" height=\"92\" \/><\/td>\n<td><img loading=\"lazy\" decoding=\"async\" class=\"alignleft size-full wp-image-9\" title=\"schoch-bild-1\" src=\"http:\/\/ladepartner.de\/wp-content\/uploads\/2012\/09\/schoch-bild-1.jpg\" alt=\"\" width=\"137\" height=\"126\" \/><img loading=\"lazy\" decoding=\"async\" class=\"alignleft size-full wp-image-10\" title=\"schoch-bild-2\" src=\"http:\/\/ladepartner.de\/wp-content\/uploads\/2012\/09\/schoch-bild-2.jpg\" alt=\"\" width=\"137\" height=\"126\" \/><img loading=\"lazy\" decoding=\"async\" class=\"alignleft size-full wp-image-8\" title=\"ladebox-logo\" src=\"http:\/\/ladepartner.de\/wp-content\/uploads\/2012\/09\/ladebox-logo.jpg\" alt=\"\" width=\"168\" height=\"126\" \/><img loading=\"lazy\" decoding=\"async\" class=\"alignleft size-full wp-image-11\" title=\"schoch-bild-3\" src=\"http:\/\/ladepartner.de\/wp-content\/uploads\/2012\/09\/schoch-bild-3.jpg\" alt=\"\" width=\"137\" height=\"126\" \/><img loading=\"lazy\" decoding=\"async\" class=\"alignleft size-full wp-image-12\" title=\"schoch-bild-4\" src=\"http:\/\/ladepartner.de\/wp-content\/uploads\/2012\/09\/schoch-bild-4.jpg\" alt=\"\" width=\"137\" height=\"126\" \/><\/td>\n<\/tr>\n<\/tbody>\n<\/table>\n<h2>Impressum<\/h2>\n<p>Herausgeber<\/p>\n<p>HS-Schoch GmbH<br \/>\nAm M\u00fchlweg 2<br \/>\nD-73466 Lauchheim<br \/>\nFon 07363.9609.0<br \/>\nFax 07363.9609.21<\/p>\n<p>www.ladepartner.de<br \/>\nlkw(at)hs-schoch.de<\/p>\n<p>Amtsgericht Ulm HRB-Nr.510238<br \/>\nGesch\u00e4ftsf\u00fchrer: Hermann Schoch, Marcel Schoch<br \/>\nUSt-Id-Nr.: DE144649257<\/p>\n<p>\u00a9 Copyright 2012, HS-Schoch GmbH<\/p>\n<p>Gesetzlicher Hinweis<br \/>\nDie HS-Schoch GmbH freut sich \u00fcber Ihren Besuch auf dieser Website und Ihr Interesse an unserem Unternehmen.<\/p>\n<p>Copyright<br \/>\nAlle Rechte vorbehalten. Text, Bilder, Grafiken und Videos sowie deren Anordnung auf den HS-Schoch GmbH Websites unterliegen dem Schutz des Urheberrechts und anderer Schutzgesetze. Der Inhalt dieser Websites darf nicht zu kommerziellen Zwecken kopiert, verbreitet, ver\u00e4ndert oder Dritten zug\u00e4nglich gemacht werden.<\/p>\n<p>Keine Garantie<br \/>\nDiese Website wurde mit gr\u00f6\u00dftm\u00f6glicher Sorgfalt zusammengestellt. Trotzdem kann die HS-Schoch GmbH f\u00fcr die Fehlerfreiheit und Genauigkeit der enthaltenen Informationen nicht garantieren. Die HS-Schoch GmbH schlie\u00dft jegliche Haftung f\u00fcr Sch\u00e4den, die direkt oder indirekt aus der Benutzung dieser Website entstehen, aus.<\/p>\n<h4><a title=\"Home\" href=\"http:\/\/ladepartner.de\">Home<\/a><\/h4>\n","protected":false},"excerpt":{"rendered":"<p>Impressum Herausgeber HS-Schoch GmbH Am M\u00fchlweg 2 D-73466 Lauchheim Fon 07363.9609.0 Fax 07363.9609.21 www.ladepartner.de lkw(at)hs-schoch.de Amtsgericht Ulm HRB-Nr.510238 Gesch\u00e4ftsf\u00fchrer: Hermann Schoch, Marcel Schoch USt-Id-Nr.: DE144649257 \u00a9 Copyright 2012, HS-Schoch GmbH Gesetzlicher Hinweis Die HS-Schoch GmbH freut sich \u00fcber Ihren Besuch &hellip; <a href=\"https:\/\/ladepartner.de\/?page_id=22\">Weiterlesen <span class=\"meta-nav\">&rarr;<\/span><\/a><\/p>\n","protected":false},"author":1,"featured_media":0,"parent":0,"menu_order":0,"comment_status":"closed","ping_status":"closed","template":"","meta":{"footnotes":""},"class_list":["post-22","page","type-page","status-publish","hentry"],"_links":{"self":[{"href":"https:\/\/ladepartner.de\/index.php?rest_route=\/wp\/v2\/pages\/22","targetHints":{"allow":["GET"]}}],"collection":[{"href":"https:\/\/ladepartner.de\/index.php?rest_route=\/wp\/v2\/pages"}],"about":[{"href":"https:\/\/ladepartner.de\/index.php?rest_route=\/wp\/v2\/types\/page"}],"author":[{"embeddable":true,"href":"https:\/\/ladepartner.de\/index.php?rest_route=\/wp\/v2\/users\/1"}],"replies":[{"embeddable":true,"href":"https:\/\/ladepartner.de\/index.php?rest_route=%2Fwp%2Fv2%2Fcomments&post=22"}],"version-history":[{"count":8,"href":"https:\/\/ladepartner.de\/index.php?rest_route=\/wp\/v2\/pages\/22\/revisions"}],"predecessor-version":[{"id":24,"href":"https:\/\/ladepartner.de\/index.php?rest_route=\/wp\/v2\/pages\/22\/revisions\/24"}],"wp:attachment":[{"href":"https:\/\/ladepartner.de\/index.php?rest_route=%2Fwp%2Fv2%2Fmedia&parent=22"}],"curies":[{"name":"wp","href":"https:\/\/api.w.org\/{rel}","templated":true}]}}