{"id":2,"date":"2012-09-15T00:09:40","date_gmt":"2012-09-14T22:09:40","guid":{"rendered":"http:\/\/ladepartner.de\/?page_id=2"},"modified":"2024-12-04T02:32:07","modified_gmt":"2024-12-04T00:32:07","slug":"beispiel-seite","status":"publish","type":"page","link":"https:\/\/ladepartner.de\/","title":{"rendered":""},"content":{"rendered":"<table width=\"100%\" border=\"0\" cellspacing=\"5\" cellpadding=\"0\">\n<tbody>\n<tr>\n<td><img loading=\"lazy\" decoding=\"async\" class=\"alignnone size-full wp-image-16\" title=\"schoch-ladepartner-logo\" src=\"http:\/\/ladepartner.de\/wp-content\/uploads\/2012\/09\/schoch-ladepartner-logo.jpg\" alt=\"\" width=\"170\" height=\"92\" \/><\/td>\n<td>\u00a0<img loading=\"lazy\" decoding=\"async\" class=\"alignleft size-full wp-image-9\" title=\"schoch-bild-1\" src=\"http:\/\/ladepartner.de\/wp-content\/uploads\/2012\/09\/schoch-bild-1.jpg\" alt=\"\" width=\"137\" height=\"126\" \/><img loading=\"lazy\" decoding=\"async\" class=\"alignleft size-full wp-image-10\" title=\"schoch-bild-2\" src=\"http:\/\/ladepartner.de\/wp-content\/uploads\/2012\/09\/schoch-bild-2.jpg\" alt=\"\" width=\"137\" height=\"126\" \/><img loading=\"lazy\" decoding=\"async\" class=\"alignleft size-full wp-image-8\" title=\"ladebox-logo\" src=\"http:\/\/ladepartner.de\/wp-content\/uploads\/2012\/09\/ladebox-logo.jpg\" alt=\"\" width=\"168\" height=\"126\" \/><img loading=\"lazy\" decoding=\"async\" class=\"alignleft size-full wp-image-11\" title=\"schoch-bild-3\" src=\"http:\/\/ladepartner.de\/wp-content\/uploads\/2012\/09\/schoch-bild-3.jpg\" alt=\"\" width=\"137\" height=\"126\" \/><img loading=\"lazy\" decoding=\"async\" class=\"alignleft size-full wp-image-12\" title=\"schoch-bild-4\" src=\"http:\/\/ladepartner.de\/wp-content\/uploads\/2012\/09\/schoch-bild-4.jpg\" alt=\"\" width=\"137\" height=\"126\" \/><\/td>\n<\/tr>\n<tr>\n<td>\u00a0<img loading=\"lazy\" decoding=\"async\" class=\"alignnone size-full wp-image-7\" title=\"innovation-logo\" src=\"http:\/\/ladepartner.de\/wp-content\/uploads\/2012\/09\/innovation-logo.jpg\" alt=\"\" width=\"117\" height=\"82\" \/><\/td>\n<td>\n<h3><img loading=\"lazy\" decoding=\"async\" class=\"alignleft size-full wp-image-13\" title=\"schoch-bild-5\" src=\"http:\/\/ladepartner.de\/wp-content\/uploads\/2012\/09\/schoch-bild-5.jpg\" alt=\"\" width=\"280\" height=\"199\" \/>LadeBOX f\u00fcr EK1000 von HS-Schoch<\/h3>\n<p>&nbsp;<\/p>\n<table width=\"100%\" border=\"0\" cellspacing=\"5\" cellpadding=\"0\">\n<tbody>\n<tr>\n<td>\n<ul>\n<li>Sendzimierverzinktes 1mm starkes Stahlblech<\/li>\n<li>Deckel in RAL 9016 gepulvert \/ andere RAL Farbe geg. Aufpreis<\/li>\n<li>Komfortabel zu \u00f6ffnen mittels patentiertem PK3000 Deckelf\u00fchrungssystems<\/li>\n<li>Deckel nach unten einschiebbar<\/li>\n<\/ul>\n<\/td>\n<td>\n<ul>\n<li>2 seitliche PK Verschl\u00fcsse<\/li>\n<li>3 x Schellen zur Befestigung im EK1000<\/li>\n<li>Einfache Montage ohne Bohren mittels 3 mitgelieferten Schellen und 2 Stellschrauben im Ersatzradkorb EK1000<\/li>\n<\/ul>\n<\/td>\n<\/tr>\n<\/tbody>\n<\/table>\n<\/td>\n<\/tr>\n<tr>\n<td><\/td>\n<td>\n<h3><img loading=\"lazy\" decoding=\"async\" class=\"alignleft size-full wp-image-14\" title=\"schoch-bild-6\" src=\"http:\/\/ladepartner.de\/wp-content\/uploads\/2012\/09\/schoch-bild-6.jpg\" alt=\"\" width=\"280\" height=\"199\" \/>LadeBOX-Einsatz f\u00fcr PK3000 von HS-Schoch<\/h3>\n<p>&nbsp;<\/p>\n<table width=\"100%\" border=\"0\" cellspacing=\"5\" cellpadding=\"0\">\n<tbody>\n<tr>\n<td>\n<ul>\n<li>2 Schubwannen mit Kugel-rollenf\u00fchrung f\u00fcr bis zu 20 Spanngurte und 20 Ratschen, verzinkt<\/li>\n<li>variable Trennwand, verzinkt<\/li>\n<li>2 x Kunststoffbeh\u00e4lter 600 x 400 x 130 mm f\u00fcr 60 Antirutschmatten und bis zu 26 Kantenschoner<\/li>\n<\/ul>\n<\/td>\n<td>\n<ul>\n<li>1 OSB-Platte 400 x 930 mm<\/li>\n<li>\u00a0Optional:<br \/>\nBatteriebetriebene LED-Magnetleuchte (Batterien geh\u00f6ren nicht zumLieferumfang)<\/li>\n<\/ul>\n<\/td>\n<\/tr>\n<\/tbody>\n<\/table>\n<\/td>\n<\/tr>\n<tr>\n<td>\n<h4 style=\"text-align: center;\"><strong>EINE KOOPERATION VON<\/strong><\/h4>\n<h4 style=\"text-align: center;\"><strong><\/strong> <a href=\"http:\/\/hs-schoch.de\" target=\"_blank\"><img loading=\"lazy\" decoding=\"async\" class=\"alignnone size-full wp-image-17\" title=\"schoch-logo\" src=\"http:\/\/ladepartner.de\/wp-content\/uploads\/2012\/09\/schoch-logo.jpg\" alt=\"\" width=\"163\" height=\"54\" \/><\/a><\/h4>\n<p><a href=\"http:\/\/www.wistra-cargocontrol.de\" target=\"_blank\"><img loading=\"lazy\" decoding=\"async\" class=\"alignnone size-full wp-image-6\" title=\"wistra-logo\" src=\"http:\/\/ladepartner.de\/wp-content\/uploads\/2012\/09\/wistra-logo.jpg\" alt=\"\" width=\"163\" height=\"68\" \/><\/a><\/td>\n<td>\n<h3><\/h3>\n<h3><img loading=\"lazy\" decoding=\"async\" class=\"alignleft size-full wp-image-15\" title=\"schoch-bild-7\" src=\"http:\/\/ladepartner.de\/wp-content\/uploads\/2012\/09\/schoch-bild-7.jpg\" alt=\"\" width=\"280\" height=\"226\" \/>Ladebox-Ladungssicherungssets von Wistra<\/h3>\n<p>&nbsp;<\/p>\n<table width=\"100%\" border=\"0\" cellspacing=\"5\" cellpadding=\"0\">\n<tbody>\n<tr>\n<td><strong>Typ A<\/strong><\/p>\n<ul>\n<li>20 St. WTL 5550-046 FE 0,4 m + LE 7,6 m blau mit Quick-View Label + \u00bbLADEPARTNER\u00ab- Aufdruck<\/li>\n<li>40 St. Kantenschutzecke rot 50 mm, Schwerlast<\/li>\n<li>60 St. Antirutsch-Matte 200 x 8 x 300 mm<\/li>\n<li>2 St. Rundschlinge 3000 kg, gelb, 3,0 m lang<\/li>\n<\/ul>\n<\/td>\n<td><strong>Typ Bau<\/strong><\/p>\n<ul>\n<li>20 St. WTL 5550-046 FE 0,4 m + LE 7,6 m blau mit Quick-View Label + \u00bbLADEPARTNER\u00ab- Aufdruck<\/li>\n<li>26 St. Kantenschutzecke orange, 190&#215;190 mm, ca. 900 mm lang<\/li>\n<li>60 St. Antirutsch-Matte 200 x 8 x 300 mm<\/li>\n<li>2 St. Rundschlinge 3000 kg, gelb, 3,0 m lang<\/li>\n<\/ul>\n<\/td>\n<\/tr>\n<\/tbody>\n<\/table>\n<\/td>\n<\/tr>\n<\/tbody>\n<\/table>\n<p><a title=\"Impressum\" href=\"http:\/\/ladepartner.de\/?page_id=22\">Impressum<\/a><\/p>\n","protected":false},"excerpt":{"rendered":"<p>\u00a0 \u00a0 LadeBOX f\u00fcr EK1000 von HS-Schoch &nbsp; Sendzimierverzinktes 1mm starkes Stahlblech Deckel in RAL 9016 gepulvert \/ andere RAL Farbe geg. Aufpreis Komfortabel zu \u00f6ffnen mittels patentiertem PK3000 Deckelf\u00fchrungssystems Deckel nach unten einschiebbar 2 seitliche PK Verschl\u00fcsse 3 x &hellip; <a href=\"https:\/\/ladepartner.de\/\">Weiterlesen <span class=\"meta-nav\">&rarr;<\/span><\/a><\/p>\n","protected":false},"author":1,"featured_media":0,"parent":0,"menu_order":0,"comment_status":"closed","ping_status":"closed","template":"","meta":{"footnotes":""},"class_list":["post-2","page","type-page","status-publish","hentry"],"_links":{"self":[{"href":"https:\/\/ladepartner.de\/index.php?rest_route=\/wp\/v2\/pages\/2","targetHints":{"allow":["GET"]}}],"collection":[{"href":"https:\/\/ladepartner.de\/index.php?rest_route=\/wp\/v2\/pages"}],"about":[{"href":"https:\/\/ladepartner.de\/index.php?rest_route=\/wp\/v2\/types\/page"}],"author":[{"embeddable":true,"href":"https:\/\/ladepartner.de\/index.php?rest_route=\/wp\/v2\/users\/1"}],"replies":[{"embeddable":true,"href":"https:\/\/ladepartner.de\/index.php?rest_route=%2Fwp%2Fv2%2Fcomments&post=2"}],"version-history":[{"count":8,"href":"https:\/\/ladepartner.de\/index.php?rest_route=\/wp\/v2\/pages\/2\/revisions"}],"predecessor-version":[{"id":5,"href":"https:\/\/ladepartner.de\/index.php?rest_route=\/wp\/v2\/pages\/2\/revisions\/5"}],"wp:attachment":[{"href":"https:\/\/ladepartner.de\/index.php?rest_route=%2Fwp%2Fv2%2Fmedia&parent=2"}],"curies":[{"name":"wp","href":"https:\/\/api.w.org\/{rel}","templated":true}]}}